{"id":1830,"date":"2022-05-24T11:09:50","date_gmt":"2022-05-24T11:09:50","guid":{"rendered":"http:\/\/localhost\/theme_powerlegal\/?page_id=1830"},"modified":"2026-02-01T22:39:06","modified_gmt":"2026-02-01T22:39:06","slug":"contacto","status":"publish","type":"page","link":"https:\/\/dulantolaw.com\/es\/contacto\/","title":{"rendered":"Contacto"},"content":{"rendered":"<div data-elementor-type=\"wp-page\" data-elementor-id=\"1830\" class=\"elementor elementor-1830\" data-elementor-post-type=\"page\">\n\t\t\t\t        <section class=\"elementor-section elementor-top-section elementor-element elementor-element-b94ac2f elementor-section-full_width elementor-section-height-default elementor-section-height-default pxl-section-offset-none pxl-shape-divider-none\" data-id=\"b94ac2f\" data-element_type=\"section\" data-settings=\"{&quot;background_background&quot;:&quot;classic&quot;}\">\n\n                            <div class=\"elementor-background-overlay\"><\/div>\n            \n                <div class=\"elementor-container elementor-column-gap-default\">\n                <div class=\"elementor-column elementor-col-100 elementor-top-column elementor-element elementor-element-7b08af8 pxl-column-element-default\" data-id=\"7b08af8\" data-element_type=\"column\">\r\n        <div class=\"elementor-widget-wrap elementor-element-populated\">\r\n                            <section class=\"elementor-section elementor-inner-section elementor-element elementor-element-2175c3c elementor-section-boxed elementor-section-height-default elementor-section-height-default pxl-shape-divider-none\" data-id=\"2175c3c\" data-element_type=\"section\" data-settings=\"{&quot;background_background&quot;:&quot;classic&quot;}\">\n\n                \n                <div class=\"elementor-container elementor-column-gap-no\">\n                <div class=\"elementor-column elementor-col-50 elementor-inner-column elementor-element elementor-element-0f3fe6a pxl-column-element-default\" data-id=\"0f3fe6a\" data-element_type=\"column\">\r\n        <div class=\"elementor-widget-wrap elementor-element-populated\">\r\n                    \t\t<div class=\"elementor-element elementor-element-0b0cb44 pxl-heading-layout-1 elementor-widget elementor-widget-pxl_heading\" data-id=\"0b0cb44\" data-element_type=\"widget\" data-widget_type=\"pxl_heading.default\">\n\t\t\t\t<div class=\"elementor-widget-container\">\n\t\t\t\t\t<div class=\"pxl-heading-wrap d-flex layout1\">\n    <div class=\"pxl-heading-inner\">\n        \n        <h2 class=\"heading-title\">\n            <span >\n                Obt\u00e9n tu Consulta Gratuita Hoy            <\/span>\n                    <\/h2>\n\n            <\/div>\n<\/div>\n\n\t\t\t\t<\/div>\n\t\t\t\t<\/div>\n\t\t\t\t<div class=\"elementor-element elementor-element-b9f0d97 elementor-widget elementor-widget-pxl_contact_form\" data-id=\"b9f0d97\" data-element_type=\"widget\" data-widget_type=\"pxl_contact_form.default\">\n\t\t\t\t<div class=\"elementor-widget-container\">\n\t\t\t\t\t        <div id=\"pxl_contact_form-b9f0d97-8738\" class=\"pxl-contact-form7\">\r\n            <div class=\"pxl-contact-form-inner\">\r\n                \n<div class=\"wpcf7 no-js\" id=\"wpcf7-f3206-o1\" lang=\"en-US\" dir=\"ltr\" data-wpcf7-id=\"3206\">\n<div class=\"screen-reader-response\"><p role=\"status\" aria-live=\"polite\" aria-atomic=\"true\"><\/p> <ul><\/ul><\/div>\n<form action=\"\/es\/wp-json\/wp\/v2\/pages\/1830#wpcf7-f3206-o1\" method=\"post\" class=\"wpcf7-form init\" aria-label=\"Contact form\" novalidate=\"novalidate\" data-status=\"init\" data-trp-original-action=\"\/es\/wp-json\/wp\/v2\/pages\/1830#wpcf7-f3206-o1\">\n<fieldset class=\"hidden-fields-container\"><input type=\"hidden\" name=\"_wpcf7\" value=\"3206\" \/><input type=\"hidden\" name=\"_wpcf7_version\" value=\"6.1.4\" \/><input type=\"hidden\" name=\"_wpcf7_locale\" value=\"en_US\" \/><input type=\"hidden\" name=\"_wpcf7_unit_tag\" value=\"wpcf7-f3206-o1\" \/><input type=\"hidden\" name=\"_wpcf7_container_post\" value=\"0\" \/><input type=\"hidden\" name=\"_wpcf7_posted_data_hash\" value=\"\" \/>\n<\/fieldset>\n<div class=\"row g-20\">\n\t<div class=\"ct-input col-lg-6\">\n\t\t<p><span class=\"wpcf7-form-control-wrap\" data-name=\"ct_name\"><input size=\"40\" maxlength=\"400\" class=\"wpcf7-form-control wpcf7-text wpcf7-validates-as-required\" aria-required=\"true\" aria-invalid=\"false\" placeholder=\"Tu nombre*\" value=\"\" type=\"text\" name=\"ct_name\" \/><\/span>\n\t\t<\/p>\n\t<\/div>\n\t<div class=\"ct-input col-lg-6\">\n\t\t<p><span class=\"wpcf7-form-control-wrap\" data-name=\"ct_phone\"><input size=\"40\" maxlength=\"400\" class=\"wpcf7-form-control wpcf7-tel wpcf7-validates-as-required wpcf7-text wpcf7-validates-as-tel\" aria-required=\"true\" aria-invalid=\"false\" placeholder=\"Tu tel\u00e9fono*\" value=\"\" type=\"tel\" name=\"ct_phone\" \/><\/span>\n\t\t<\/p>\n\t<\/div>\n\t<div class=\"ct-input col-lg-12\">\n\t\t<p><span class=\"wpcf7-form-control-wrap\" data-name=\"ct_email\"><input size=\"40\" maxlength=\"400\" class=\"wpcf7-form-control wpcf7-email wpcf7-validates-as-required wpcf7-text wpcf7-validates-as-email\" aria-required=\"true\" aria-invalid=\"false\" placeholder=\"Tu correo electr\u00f3nico*\" value=\"\" type=\"email\" name=\"ct_email\" \/><\/span>\n\t\t<\/p>\n\t<\/div>\n\t<div class=\"ct-input col-lg-12\">\n\t\t<p><span class=\"wpcf7-form-control-wrap\" data-name=\"ct_message\"><textarea cols=\"40\" rows=\"10\" maxlength=\"2000\" class=\"wpcf7-form-control wpcf7-textarea wpcf7-validates-as-required ctc_message\" aria-required=\"true\" aria-invalid=\"false\" placeholder=\"Mensaje\" name=\"ct_message\"><\/textarea><\/span>\n\t\t<\/p>\n\t<\/div>\n\t<div class=\"ct-input col-lg-12\" style=\"display:flex; align-items:center; flex-wrap: wrap; margin-top:30px;\">\n\t\t<div class=\"pxl-button-wrapper\" style=\"margin-right:30px; margin-bottom:10px;\">\n\t\t\t<p><button type=\"submit\" class=\"wpcf7-form-control wpcf7-submit\"><span>PROGRAMAR MI CONSULTA<\/span><\/button>\n\t\t\t<\/p>\n\t\t<\/div>\n\t\t<div class=\"cf-disclaimer-overlay\">\n\t\t\t<p><span class=\"wpcf7-form-control-wrap\" data-name=\"checkbox-agree\"><span class=\"wpcf7-form-control wpcf7-checkbox wpcf7-validates-as-required\"><span class=\"wpcf7-list-item first last\"><input type=\"checkbox\" name=\"checkbox-agree[]\" value=\"I understand that viewing this site or contacting Dulanto Law does not create an attorney-client relationship. I will not send Dulanto Law confidential information until an attorney-client relationship has been established in writing. By submitting this form, I expressly consent to be contacted by Dulanto Law by phone, text message, and email regarding my inquiry, including through automated means.\" \/><span class=\"wpcf7-list-item-label\">Entiendo que visitar este sitio o contactar a Dulanto Law no crea una relaci\u00f3n abogado-cliente. No enviar\u00e9 informaci\u00f3n confidencial a Dulanto Law hasta que se haya establecido una relaci\u00f3n abogado-cliente por escrito. Al enviar este formulario, doy mi consentimiento expreso para que Dulanto Law se comunique conmigo por tel\u00e9fono, mensaje de texto y correo electr\u00f3nico con respecto a mi consulta, incluso a trav\u00e9s de medios automatizados.<\/span><\/span><\/span><\/span>\n\t\t\t<\/p>\n\t\t<\/div>\n\t<\/div>\n<\/div><div class=\"wpcf7-response-output\" aria-hidden=\"true\"><\/div>\n<input type=\"hidden\" name=\"trp-form-language\" value=\"es\"\/><\/form>\n<\/div>\n            <\/div>\r\n        <\/div>\r\n        \t\t\t\t<\/div>\n\t\t\t\t<\/div>\n\t\t                    <\/div>\r\n        <\/div>\r\n                <div class=\"elementor-column elementor-col-50 elementor-inner-column elementor-element elementor-element-f85bf89 pxl-column-element-default\" data-id=\"f85bf89\" data-element_type=\"column\">\r\n        <div class=\"elementor-widget-wrap elementor-element-populated\">\r\n                    \t\t<div class=\"elementor-element elementor-element-5bedba3 elementor-widget elementor-widget-pxl_text_editor\" data-id=\"5bedba3\" data-element_type=\"widget\" data-widget_type=\"pxl_text_editor.default\">\n\t\t\t\t<div class=\"elementor-widget-container\">\n\t\t\t\t\t<div id=\"pxl_text_editor-5bedba3-4854\" class=\"pxl-text-editor-wrap d-flex\" >\n\t<div class=\"pxl-text-editor elementor-clearfix\">\n        <p><span class=\"color-primary\" style=\"font-weight: 600;\">Phone: (<a href=\"tel: 8334638526\">833) 463-8526<\/a><\/span><\/p><p><span class=\"color-primary\" style=\"font-weight: 600;\">Email: <\/span><a href=\"mailto:cesar@dulantolaw.com\">cesar@dulantolaw.com<\/a><\/p><p><span class=\"color-primary\" style=\"font-weight: 600;\">Direcci\u00f3n: <\/span>12636 High Bluff Drive, Suite 400,<br \/>San Diego, CA 92130<\/p>\t<\/div>\n<\/div>\t\t\t\t<\/div>\n\t\t\t\t<\/div>\n\t\t                    <\/div>\r\n        <\/div>\r\n        \t\t\t<\/div>\n\t\t<\/section>\n\t\t\t\t<div class=\"elementor-element elementor-element-d21808e elementor-widget__width-auto elementor-absolute elementor-widget elementor-widget-image\" data-id=\"d21808e\" data-element_type=\"widget\" data-settings=\"{&quot;_position&quot;:&quot;absolute&quot;}\" data-widget_type=\"image.default\">\n\t\t\t\t\t\t\t\t\t\t\t\t\t\t\t<img fetchpriority=\"high\" decoding=\"async\" width=\"639\" height=\"823\" src=\"https:\/\/dulantolaw.com\/wp-content\/uploads\/2022\/06\/balance_women.png\" class=\"attachment-full size-full wp-image-3722\" alt=\"women\" srcset=\"https:\/\/dulantolaw.com\/wp-content\/uploads\/2022\/06\/balance_women.png 639w, https:\/\/dulantolaw.com\/wp-content\/uploads\/2022\/06\/balance_women-600x773.png 600w, https:\/\/dulantolaw.com\/wp-content\/uploads\/2022\/06\/balance_women-233x300.png 233w, https:\/\/dulantolaw.com\/wp-content\/uploads\/2022\/06\/balance_women-435x560.png 435w\" sizes=\"(max-width: 639px) 100vw, 639px\" \/>\t\t\t\t\t\t\t\t\t\t\t\t\t\t\t<\/div>\n\t\t                    <\/div>\r\n        <\/div>\r\n        \t\t\t<\/div>\n\t\t<\/section>\n\t\t        <section class=\"elementor-section elementor-top-section elementor-element elementor-element-1537c33 elementor-section-boxed elementor-section-height-default elementor-section-height-default pxl-shape-divider-none\" data-id=\"1537c33\" data-element_type=\"section\">\n\n                \n                <div class=\"elementor-container elementor-column-gap-default\">\n                <div class=\"elementor-column elementor-col-100 elementor-top-column elementor-element elementor-element-9c216ba pxl-column-element-default\" data-id=\"9c216ba\" data-element_type=\"column\" data-settings=\"{&quot;background_background&quot;:&quot;classic&quot;}\">\r\n        <div class=\"elementor-widget-wrap elementor-element-populated\">\r\n                    \t\t<div class=\"elementor-element elementor-element-8d426e0 pxl-heading-layout-1 elementor-widget elementor-widget-pxl_heading\" data-id=\"8d426e0\" data-element_type=\"widget\" data-widget_type=\"pxl_heading.default\">\n\t\t\t\t<div class=\"elementor-widget-container\">\n\t\t\t\t\t<div class=\"pxl-heading-wrap d-flex layout1\">\n    <div class=\"pxl-heading-inner\">\n        \n        <h2 class=\"heading-title\">\n            <span >\n                PREGUNTAS FRECUENTES            <\/span>\n                    <\/h2>\n\n            <\/div>\n<\/div>\n\n\t\t\t\t<\/div>\n\t\t\t\t<\/div>\n\t\t\t\t<div class=\"elementor-element elementor-element-b127cf9 elementor-widget elementor-widget-pxl_accordion\" data-id=\"b127cf9\" data-element_type=\"widget\" data-widget_type=\"pxl_accordion.default\">\n\t\t\t\t<div class=\"elementor-widget-container\">\n\t\t\t\t\t<div id=\"pxl_accordion-b127cf9-8360\" class=\"pxl-accordion style1\">\r\n            <div class=\"pxl-ac-item active\">\r\n            <div class=\"pxl-ac-title active\" data-target=\"#4862bf0pxl_accordion-b127cf9-8360\">\r\n                                <span class=\"pxl-ac-title-text\">\u00bfEN QU\u00c9 \u00c1REAS DEL DERECHO SE ESPECIALIZA DULANTO LAW?<\/span>\r\n            <\/div>\r\n            <div id=\"4862bf0pxl_accordion-b127cf9-8360\" class=\"pxl-ac-content\" style=\"display:block;\">\r\n                <div class=\"pxl-ac-content-inner\">\r\n                    <p class=\"p1\">Nos especializamos en defensa penal, lesiones personales y litigios civiles. Cont\u00e1ctenos hoy para analizar su caso y opciones legales.<\/p>                <\/div>\r\n            <\/div>\r\n        <\/div>\r\n                <div class=\"pxl-ac-item\">\r\n            <div class=\"pxl-ac-title\" data-target=\"#8228c0dpxl_accordion-b127cf9-8360\">\r\n                                <span class=\"pxl-ac-title-text\">\u00bfC\u00d3MO DETERMINAN SUS HONORARIOS?\n<\/span>\r\n            <\/div>\r\n            <div id=\"8228c0dpxl_accordion-b127cf9-8360\" class=\"pxl-ac-content\">\r\n                <div class=\"pxl-ac-content-inner\">\r\n                    <p class=\"p1\">Nuestros honorarios var\u00edan seg\u00fan la naturaleza del caso. Ofrecemos una consulta inicial gratuita para conocer su situaci\u00f3n y brindarle un estimado claro y transparente de los costos involucrados.<\/p>                <\/div>\r\n            <\/div>\r\n        <\/div>\r\n                <div class=\"pxl-ac-item\">\r\n            <div class=\"pxl-ac-title\" data-target=\"#872136dpxl_accordion-b127cf9-8360\">\r\n                                <span class=\"pxl-ac-title-text\">\u00bfC\u00d3MO PUEDO PROGRAMAR UNA CONSULTA GRATUITA?\n<\/span>\r\n            <\/div>\r\n            <div id=\"872136dpxl_accordion-b127cf9-8360\" class=\"pxl-ac-content\">\r\n                <div class=\"pxl-ac-content-inner\">\r\n                    <p class=\"p1\">Puede obtener una consulta gratuita comunic\u00e1ndose con nosotros por tel\u00e9fono, correo electr\u00f3nico o a trav\u00e9s del formulario de contacto en nuestro sitio web. Ofrecemos consultas en persona y virtuales, seg\u00fan su conveniencia.<\/p>                <\/div>\r\n            <\/div>\r\n        <\/div>\r\n                <div class=\"pxl-ac-item\">\r\n            <div class=\"pxl-ac-title\" data-target=\"#0f9d7dapxl_accordion-b127cf9-8360\">\r\n                                <span class=\"pxl-ac-title-text\">\u00bfCU\u00c1NTO TIEMPO TOMAR\u00c1 RESOLVER MI CASO?\n<\/span>\r\n            <\/div>\r\n            <div id=\"0f9d7dapxl_accordion-b127cf9-8360\" class=\"pxl-ac-content\">\r\n                <div class=\"pxl-ac-content-inner\">\r\n                    <p class=\"p1\">La duraci\u00f3n de un caso puede variar dependiendo de su complejidad, los temas legales en disputa y los calendarios judiciales. Le proporcionaremos un cronograma estimado basado en las particularidades de su caso.<\/p>                <\/div>\r\n            <\/div>\r\n        <\/div>\r\n                <div class=\"pxl-ac-item\">\r\n            <div class=\"pxl-ac-title\" data-target=\"#508201bpxl_accordion-b127cf9-8360\">\r\n                                <span class=\"pxl-ac-title-text\">\u00bfQU\u00c9 DEBO LLEVAR A MI PRIMERA CONSULTA?<\/span>\r\n            <\/div>\r\n            <div id=\"508201bpxl_accordion-b127cf9-8360\" class=\"pxl-ac-content\">\r\n                <div class=\"pxl-ac-content-inner\">\r\n                    <p class=\"p1\">Por favor traiga cualquier documento relevante a su caso, como contratos, \u00f3rdenes judiciales, registros financieros o correspondencia. Esto nos ayudar\u00e1 a comprender mejor su situaci\u00f3n y ofrecerle un an\u00e1lisis legal informado.<\/p>                <\/div>\r\n            <\/div>\r\n        <\/div>\r\n        <\/div>\r\n\t\t\t\t<\/div>\n\t\t\t\t<\/div>\n\t\t                    <\/div>\r\n        <\/div>\r\n        \t\t\t<\/div>\n\t\t<\/section>\n\t\t\t\t<\/div>","protected":false},"excerpt":{"rendered":"<p>Schedule a Free Consultation! SCHEDULE MY CONSULTATION I understand that viewing this site or contacting Dulanto Law does not create an attorney-client relationship. I will not send Dulanto Law confidential information until an attorney-client relationship has been established in writing. By submitting this form, I expressly consent to be contacted by Dulanto Law by phone, [&hellip;]<\/p>","protected":false},"author":1,"featured_media":0,"parent":0,"menu_order":0,"comment_status":"closed","ping_status":"closed","template":"","meta":{"footnotes":""},"class_list":["post-1830","page","type-page","status-publish","hentry"],"yoast_head":"<!-- This site is optimized with the Yoast SEO plugin v26.6 - https:\/\/yoast.com\/wordpress\/plugins\/seo\/ -->\n<title>Contact Dulanto Law | Free Consultation | San Diego Attorney<\/title>\n<meta name=\"description\" content=\"Contact Dulanto Law to schedule a free consultation. Criminal defense, personal injury, and civil litigation in San Diego.\" \/>\n<meta name=\"robots\" content=\"index, follow, max-snippet:-1, max-image-preview:large, max-video-preview:-1\" \/>\n<link rel=\"canonical\" href=\"https:\/\/dulantolaw.com\/es\/contacto\/\" \/>\n<meta property=\"og:locale\" content=\"es_MX\" \/>\n<meta property=\"og:type\" content=\"article\" \/>\n<meta property=\"og:title\" content=\"Contact Dulanto Law | Free Consultation | San Diego Attorney\" \/>\n<meta property=\"og:description\" content=\"Contact Dulanto Law to schedule a free consultation. Criminal defense, personal injury, and civil litigation in San Diego.\" \/>\n<meta property=\"og:url\" content=\"https:\/\/dulantolaw.com\/es\/contacto\/\" \/>\n<meta property=\"og:site_name\" content=\"DULANTO LAW - APC\" \/>\n<meta property=\"article:modified_time\" content=\"2026-02-01T22:39:06+00:00\" \/>\n<meta property=\"og:image\" content=\"https:\/\/dulantolaw.com\/wp-content\/uploads\/2022\/06\/balance_women.png\" \/>\n\t<meta property=\"og:image:width\" content=\"639\" \/>\n\t<meta property=\"og:image:height\" content=\"823\" \/>\n\t<meta property=\"og:image:type\" content=\"image\/png\" \/>\n<meta name=\"twitter:card\" content=\"summary_large_image\" \/>\n<meta name=\"twitter:label1\" content=\"Tiempo de lectura\" \/>\n\t<meta name=\"twitter:data1\" content=\"2 minutos\" \/>\n<script type=\"application\/ld+json\" class=\"yoast-schema-graph\">{\"@context\":\"https:\/\/schema.org\",\"@graph\":[{\"@type\":\"WebPage\",\"@id\":\"https:\/\/dulantolaw.com\/contact\/\",\"url\":\"https:\/\/dulantolaw.com\/contact\/\",\"name\":\"Contact Dulanto Law | Free Consultation | San Diego Attorney\",\"isPartOf\":{\"@id\":\"https:\/\/dulantolaw.com\/#website\"},\"primaryImageOfPage\":{\"@id\":\"https:\/\/dulantolaw.com\/contact\/#primaryimage\"},\"image\":{\"@id\":\"https:\/\/dulantolaw.com\/contact\/#primaryimage\"},\"thumbnailUrl\":\"https:\/\/dulantolaw.com\/wp-content\/uploads\/2022\/06\/balance_women.png\",\"datePublished\":\"2022-05-24T11:09:50+00:00\",\"dateModified\":\"2026-02-01T22:39:06+00:00\",\"description\":\"Contact Dulanto Law to schedule a free consultation. Criminal defense, personal injury, and civil litigation in San Diego.\",\"breadcrumb\":{\"@id\":\"https:\/\/dulantolaw.com\/contact\/#breadcrumb\"},\"inLanguage\":\"es\",\"potentialAction\":[{\"@type\":\"ReadAction\",\"target\":[\"https:\/\/dulantolaw.com\/contact\/\"]}]},{\"@type\":\"ImageObject\",\"inLanguage\":\"es\",\"@id\":\"https:\/\/dulantolaw.com\/contact\/#primaryimage\",\"url\":\"https:\/\/dulantolaw.com\/wp-content\/uploads\/2022\/06\/balance_women.png\",\"contentUrl\":\"https:\/\/dulantolaw.com\/wp-content\/uploads\/2022\/06\/balance_women.png\"},{\"@type\":\"BreadcrumbList\",\"@id\":\"https:\/\/dulantolaw.com\/contact\/#breadcrumb\",\"itemListElement\":[{\"@type\":\"ListItem\",\"position\":1,\"name\":\"Home\",\"item\":\"https:\/\/dulantolaw.com\/\"},{\"@type\":\"ListItem\",\"position\":2,\"name\":\"Contact\"}]},{\"@type\":\"WebSite\",\"@id\":\"https:\/\/dulantolaw.com\/#website\",\"url\":\"https:\/\/dulantolaw.com\/\",\"name\":\"DULANTO LAW - APC\",\"description\":\"\",\"publisher\":{\"@id\":\"https:\/\/dulantolaw.com\/#organization\"},\"potentialAction\":[{\"@type\":\"SearchAction\",\"target\":{\"@type\":\"EntryPoint\",\"urlTemplate\":\"https:\/\/dulantolaw.com\/?s={search_term_string}\"},\"query-input\":{\"@type\":\"PropertyValueSpecification\",\"valueRequired\":true,\"valueName\":\"search_term_string\"}}],\"inLanguage\":\"es\"},{\"@type\":\"Organization\",\"@id\":\"https:\/\/dulantolaw.com\/#organization\",\"name\":\"DULANTO LAW - APC\",\"url\":\"https:\/\/dulantolaw.com\/\",\"logo\":{\"@type\":\"ImageObject\",\"inLanguage\":\"es\",\"@id\":\"https:\/\/dulantolaw.com\/#\/schema\/logo\/image\/\",\"url\":\"https:\/\/dulantolaw.com\/wp-content\/uploads\/2025\/12\/Monogram.png\",\"contentUrl\":\"https:\/\/dulantolaw.com\/wp-content\/uploads\/2025\/12\/Monogram.png\",\"width\":1024,\"height\":1024,\"caption\":\"DULANTO LAW - APC\"},\"image\":{\"@id\":\"https:\/\/dulantolaw.com\/#\/schema\/logo\/image\/\"}}]}<\/script>\n<!-- \/ Yoast SEO plugin. -->","yoast_head_json":{"title":"Contact Dulanto Law | Free Consultation | San Diego Attorney","description":"Contact Dulanto Law to schedule a free consultation. Criminal defense, personal injury, and civil litigation in San Diego.","robots":{"index":"index","follow":"follow","max-snippet":"max-snippet:-1","max-image-preview":"max-image-preview:large","max-video-preview":"max-video-preview:-1"},"canonical":"https:\/\/dulantolaw.com\/es\/contacto\/","og_locale":"es_MX","og_type":"article","og_title":"Contact Dulanto Law | Free Consultation | San Diego Attorney","og_description":"Contact Dulanto Law to schedule a free consultation. Criminal defense, personal injury, and civil litigation in San Diego.","og_url":"https:\/\/dulantolaw.com\/es\/contacto\/","og_site_name":"DULANTO LAW - APC","article_modified_time":"2026-02-01T22:39:06+00:00","og_image":[{"width":639,"height":823,"url":"https:\/\/dulantolaw.com\/wp-content\/uploads\/2022\/06\/balance_women.png","type":"image\/png"}],"twitter_card":"summary_large_image","twitter_misc":{"Tiempo de lectura":"2 minutos"},"schema":{"@context":"https:\/\/schema.org","@graph":[{"@type":"WebPage","@id":"https:\/\/dulantolaw.com\/contact\/","url":"https:\/\/dulantolaw.com\/contact\/","name":"Contact Dulanto Law | Free Consultation | San Diego Attorney","isPartOf":{"@id":"https:\/\/dulantolaw.com\/#website"},"primaryImageOfPage":{"@id":"https:\/\/dulantolaw.com\/contact\/#primaryimage"},"image":{"@id":"https:\/\/dulantolaw.com\/contact\/#primaryimage"},"thumbnailUrl":"https:\/\/dulantolaw.com\/wp-content\/uploads\/2022\/06\/balance_women.png","datePublished":"2022-05-24T11:09:50+00:00","dateModified":"2026-02-01T22:39:06+00:00","description":"Contact Dulanto Law to schedule a free consultation. Criminal defense, personal injury, and civil litigation in San Diego.","breadcrumb":{"@id":"https:\/\/dulantolaw.com\/contact\/#breadcrumb"},"inLanguage":"es","potentialAction":[{"@type":"ReadAction","target":["https:\/\/dulantolaw.com\/contact\/"]}]},{"@type":"ImageObject","inLanguage":"es","@id":"https:\/\/dulantolaw.com\/contact\/#primaryimage","url":"https:\/\/dulantolaw.com\/wp-content\/uploads\/2022\/06\/balance_women.png","contentUrl":"https:\/\/dulantolaw.com\/wp-content\/uploads\/2022\/06\/balance_women.png"},{"@type":"BreadcrumbList","@id":"https:\/\/dulantolaw.com\/contact\/#breadcrumb","itemListElement":[{"@type":"ListItem","position":1,"name":"Home","item":"https:\/\/dulantolaw.com\/"},{"@type":"ListItem","position":2,"name":"Contact"}]},{"@type":"WebSite","@id":"https:\/\/dulantolaw.com\/#website","url":"https:\/\/dulantolaw.com\/","name":"DULANTO LAW - APC","description":"","publisher":{"@id":"https:\/\/dulantolaw.com\/#organization"},"potentialAction":[{"@type":"SearchAction","target":{"@type":"EntryPoint","urlTemplate":"https:\/\/dulantolaw.com\/?s={search_term_string}"},"query-input":{"@type":"PropertyValueSpecification","valueRequired":true,"valueName":"search_term_string"}}],"inLanguage":"es"},{"@type":"Organization","@id":"https:\/\/dulantolaw.com\/#organization","name":"DULANTO LAW - APC","url":"https:\/\/dulantolaw.com\/","logo":{"@type":"ImageObject","inLanguage":"es","@id":"https:\/\/dulantolaw.com\/#\/schema\/logo\/image\/","url":"https:\/\/dulantolaw.com\/wp-content\/uploads\/2025\/12\/Monogram.png","contentUrl":"https:\/\/dulantolaw.com\/wp-content\/uploads\/2025\/12\/Monogram.png","width":1024,"height":1024,"caption":"DULANTO LAW - APC"},"image":{"@id":"https:\/\/dulantolaw.com\/#\/schema\/logo\/image\/"}}]}},"_links":{"self":[{"href":"https:\/\/dulantolaw.com\/es\/wp-json\/wp\/v2\/pages\/1830","targetHints":{"allow":["GET"]}}],"collection":[{"href":"https:\/\/dulantolaw.com\/es\/wp-json\/wp\/v2\/pages"}],"about":[{"href":"https:\/\/dulantolaw.com\/es\/wp-json\/wp\/v2\/types\/page"}],"author":[{"embeddable":true,"href":"https:\/\/dulantolaw.com\/es\/wp-json\/wp\/v2\/users\/1"}],"replies":[{"embeddable":true,"href":"https:\/\/dulantolaw.com\/es\/wp-json\/wp\/v2\/comments?post=1830"}],"version-history":[{"count":33,"href":"https:\/\/dulantolaw.com\/es\/wp-json\/wp\/v2\/pages\/1830\/revisions"}],"predecessor-version":[{"id":11813,"href":"https:\/\/dulantolaw.com\/es\/wp-json\/wp\/v2\/pages\/1830\/revisions\/11813"}],"wp:attachment":[{"href":"https:\/\/dulantolaw.com\/es\/wp-json\/wp\/v2\/media?parent=1830"}],"curies":[{"name":"wp","href":"https:\/\/api.w.org\/{rel}","templated":true}]}}